{"id":194,"date":"2023-07-26T15:57:02","date_gmt":"2023-07-26T13:57:02","guid":{"rendered":"https:\/\/maguen-avraham.org\/?page_id=194"},"modified":"2024-10-10T15:30:52","modified_gmt":"2024-10-10T13:30:52","slug":"don","status":"publish","type":"page","link":"https:\/\/maguen-avraham.org\/index.php\/don\/","title":{"rendered":"Faire un don \/ r\u00e9gler vos promesses de dons"},"content":{"rendered":"\n<p>Pour faire vivre et participer activement \u00e0 cet office, nous proposons \u00e0 chacun d\u2019entre vous, de vous engager \u00e0 verser une somme r\u00e9guli\u00e8re, en fonction de vos moyens. <br>Vous pouvez \u00e9galement r\u00e9gler vos promesses de dons.<br>Toutes les participations sont bienvenues, <em>les petits ruisseaux faisant de grandes rivi\u00e8res<\/em>, nous parviendrons, tous ensemble, \u00e0 faire vivre la Synagogue Maguen Avraham.<\/p>\n\n\n\n<p>Nous vous offrons les solutions suivantes :<\/p>\n\n\n\n<ul class=\"wp-block-list\">\n<li>Don par Internet (<a href=\"https:\/\/www.helloasso.com\/associations\/acjbb-2\/formulaires\/18\" target=\"_blank\" rel=\"noreferrer noopener\">sur HelloAsso<\/a>)<\/li>\n\n\n\n<li>Don ponctuel (esp\u00e8ces ou ch\u00e8que, \u00e0 l&rsquo;ordre de \u00ab\u00a0<em>ACJBB Sud<\/em>\u00ab\u00a0, \u00e0 envoyer au <strong>17 rue Barth\u00e9l\u00e9my Danjou<\/strong>)<\/li>\n\n\n\n<li>Don par virement (Merci de nous contacter en priv\u00e9 nous vous enverrons les informations bancaires)<\/li>\n<\/ul>\n\n\n\n<p>Un re\u00e7u CERFA correspondant \u00e0 votre participation vous sera envoy\u00e9.<\/p>\n\n\n\n<h3 class=\"wp-block-heading\">ACIP Boulogne &#8211; Synagogue Maguen Avraham<\/h3>\n\n\n\n<p>  Vous pouvez d\u00e9sormais faire un don en ligne au <strong>Consistoire<\/strong>. Votre don sera affect\u00e9 \u00e0 la communaut\u00e9 de Boulogne et vous recevrez le Cerfa par retour d&#8217;email.<\/p>\n\n\n\n<ul class=\"wp-block-list\">\n<li>Sur le site du Consistoire : <a href=\"https:\/\/www.consistoire.org\/don\/?d=1684\" target=\"_blank\" rel=\"noreferrer noopener\">Je <\/a><a href=\"http:\/\/www.consistoire.org\/don?d=1684\" target=\"_blank\" rel=\"noreferrer noopener\">fais un don \u00e0 ACIP-Boulogne<\/a>.<\/li>\n\n\n\n<li>par ch\u00e8que \u00e0 l&rsquo;ordre de <strong>ACIP Boulogne<\/strong>, en l&rsquo;adressant \u00e0 la Synagogue de Boulogne, 43 rue des abondances, 92100 Boulogne<\/li>\n<\/ul>\n\n\n\n<p>Tizkou L\u00e9-Mitsvot !!<\/p>\n\n\n\n<p><\/p>\n","protected":false},"excerpt":{"rendered":"<p>Pour faire vivre et participer activement \u00e0 cet office, nous proposons \u00e0 chacun d\u2019entre vous, de vous engager \u00e0 verser une somme r\u00e9guli\u00e8re, en fonction de vos moyens. Vous pouvez \u00e9galement r\u00e9gler vos promesses de dons.Toutes les participations sont bienvenues, les petits ruisseaux faisant de grandes rivi\u00e8res, nous parviendrons, tous [&hellip;]<\/p>\n","protected":false},"author":1,"featured_media":0,"parent":0,"menu_order":0,"comment_status":"closed","ping_status":"closed","template":"","meta":{"om_disable_all_campaigns":false,"_monsterinsights_skip_tracking":false,"_monsterinsights_sitenote_active":false,"_monsterinsights_sitenote_note":"","_monsterinsights_sitenote_category":0,"_uf_show_specific_survey":0,"_uf_disable_surveys":false,"footnotes":""},"class_list":["post-194","page","type-page","status-publish","hentry"],"aioseo_notices":[],"yoast_head":"<!-- This site is optimized with the Yoast SEO plugin v26.6 - https:\/\/yoast.com\/wordpress\/plugins\/seo\/ -->\n<title>Faire un don \/ r\u00e9gler vos promesses de dons - Synagogue Maguen Avraham<\/title>\n<meta name=\"robots\" content=\"index, follow, max-snippet:-1, max-image-preview:large, max-video-preview:-1\" \/>\n<link rel=\"canonical\" href=\"https:\/\/maguen-avraham.org\/index.php\/don\/\" \/>\n<meta property=\"og:locale\" content=\"fr_FR\" \/>\n<meta property=\"og:type\" content=\"article\" \/>\n<meta property=\"og:title\" content=\"Faire un don \/ r\u00e9gler vos promesses de dons - Synagogue Maguen Avraham\" \/>\n<meta property=\"og:description\" content=\"Pour faire vivre et participer activement \u00e0 cet office, nous proposons \u00e0 chacun d\u2019entre vous, de vous engager \u00e0 verser une somme r\u00e9guli\u00e8re, en fonction de vos moyens. Vous pouvez \u00e9galement r\u00e9gler vos promesses de dons.Toutes les participations sont bienvenues, les petits ruisseaux faisant de grandes rivi\u00e8res, nous parviendrons, tous [&hellip;]\" \/>\n<meta property=\"og:url\" content=\"https:\/\/maguen-avraham.org\/index.php\/don\/\" \/>\n<meta property=\"og:site_name\" content=\"Synagogue Maguen Avraham\" \/>\n<meta property=\"article:publisher\" content=\"https:\/\/www.facebook.com\/SynaMaguenAvaham\/\" \/>\n<meta property=\"article:modified_time\" content=\"2024-10-10T13:30:52+00:00\" \/>\n<meta name=\"twitter:card\" content=\"summary_large_image\" \/>\n<meta name=\"twitter:site\" content=\"@maguenavraham\" \/>\n<meta name=\"twitter:label1\" content=\"Dur\u00e9e de lecture estim\u00e9e\" \/>\n\t<meta name=\"twitter:data1\" content=\"1 minute\" \/>\n<script type=\"application\/ld+json\" class=\"yoast-schema-graph\">{\"@context\":\"https:\/\/schema.org\",\"@graph\":[{\"@type\":\"WebPage\",\"@id\":\"https:\/\/maguen-avraham.org\/index.php\/don\/\",\"url\":\"https:\/\/maguen-avraham.org\/index.php\/don\/\",\"name\":\"Faire un don \/ r\u00e9gler vos promesses de dons - Synagogue Maguen Avraham\",\"isPartOf\":{\"@id\":\"https:\/\/maguen-avraham.org\/#website\"},\"datePublished\":\"2023-07-26T13:57:02+00:00\",\"dateModified\":\"2024-10-10T13:30:52+00:00\",\"breadcrumb\":{\"@id\":\"https:\/\/maguen-avraham.org\/index.php\/don\/#breadcrumb\"},\"inLanguage\":\"fr-FR\",\"potentialAction\":[{\"@type\":\"ReadAction\",\"target\":[\"https:\/\/maguen-avraham.org\/index.php\/don\/\"]}]},{\"@type\":\"BreadcrumbList\",\"@id\":\"https:\/\/maguen-avraham.org\/index.php\/don\/#breadcrumb\",\"itemListElement\":[{\"@type\":\"ListItem\",\"position\":1,\"name\":\"Accueil\",\"item\":\"https:\/\/maguen-avraham.org\/\"},{\"@type\":\"ListItem\",\"position\":2,\"name\":\"Faire un don \/ r\u00e9gler vos promesses de dons\"}]},{\"@type\":\"WebSite\",\"@id\":\"https:\/\/maguen-avraham.org\/#website\",\"url\":\"https:\/\/maguen-avraham.org\/\",\"name\":\"Synagogue Maguen Avraham\",\"description\":\"La Synagogue Maguen Avraham du Centre Culturel juif de Boulogne\",\"publisher\":{\"@id\":\"https:\/\/maguen-avraham.org\/#organization\"},\"potentialAction\":[{\"@type\":\"SearchAction\",\"target\":{\"@type\":\"EntryPoint\",\"urlTemplate\":\"https:\/\/maguen-avraham.org\/?s={search_term_string}\"},\"query-input\":{\"@type\":\"PropertyValueSpecification\",\"valueRequired\":true,\"valueName\":\"search_term_string\"}}],\"inLanguage\":\"fr-FR\"},{\"@type\":\"Organization\",\"@id\":\"https:\/\/maguen-avraham.org\/#organization\",\"name\":\"Synagogue Maguen Avraham\",\"url\":\"https:\/\/maguen-avraham.org\/\",\"logo\":{\"@type\":\"ImageObject\",\"inLanguage\":\"fr-FR\",\"@id\":\"https:\/\/maguen-avraham.org\/#\/schema\/logo\/image\/\",\"url\":\"https:\/\/maguen-avraham.org\/wp-content\/uploads\/2023\/06\/logo-maguen-avraham.jpg\",\"contentUrl\":\"https:\/\/maguen-avraham.org\/wp-content\/uploads\/2023\/06\/logo-maguen-avraham.jpg\",\"width\":843,\"height\":843,\"caption\":\"Synagogue Maguen Avraham\"},\"image\":{\"@id\":\"https:\/\/maguen-avraham.org\/#\/schema\/logo\/image\/\"},\"sameAs\":[\"https:\/\/www.facebook.com\/SynaMaguenAvaham\/\",\"https:\/\/x.com\/maguenavraham\"]}]}<\/script>\n<!-- \/ Yoast SEO plugin. -->","yoast_head_json":{"title":"Faire un don \/ r\u00e9gler vos promesses de dons - Synagogue Maguen Avraham","robots":{"index":"index","follow":"follow","max-snippet":"max-snippet:-1","max-image-preview":"max-image-preview:large","max-video-preview":"max-video-preview:-1"},"canonical":"https:\/\/maguen-avraham.org\/index.php\/don\/","og_locale":"fr_FR","og_type":"article","og_title":"Faire un don \/ r\u00e9gler vos promesses de dons - Synagogue Maguen Avraham","og_description":"Pour faire vivre et participer activement \u00e0 cet office, nous proposons \u00e0 chacun d\u2019entre vous, de vous engager \u00e0 verser une somme r\u00e9guli\u00e8re, en fonction de vos moyens. Vous pouvez \u00e9galement r\u00e9gler vos promesses de dons.Toutes les participations sont bienvenues, les petits ruisseaux faisant de grandes rivi\u00e8res, nous parviendrons, tous [&hellip;]","og_url":"https:\/\/maguen-avraham.org\/index.php\/don\/","og_site_name":"Synagogue Maguen Avraham","article_publisher":"https:\/\/www.facebook.com\/SynaMaguenAvaham\/","article_modified_time":"2024-10-10T13:30:52+00:00","twitter_card":"summary_large_image","twitter_site":"@maguenavraham","twitter_misc":{"Dur\u00e9e de lecture estim\u00e9e":"1 minute"},"schema":{"@context":"https:\/\/schema.org","@graph":[{"@type":"WebPage","@id":"https:\/\/maguen-avraham.org\/index.php\/don\/","url":"https:\/\/maguen-avraham.org\/index.php\/don\/","name":"Faire un don \/ r\u00e9gler vos promesses de dons - Synagogue Maguen Avraham","isPartOf":{"@id":"https:\/\/maguen-avraham.org\/#website"},"datePublished":"2023-07-26T13:57:02+00:00","dateModified":"2024-10-10T13:30:52+00:00","breadcrumb":{"@id":"https:\/\/maguen-avraham.org\/index.php\/don\/#breadcrumb"},"inLanguage":"fr-FR","potentialAction":[{"@type":"ReadAction","target":["https:\/\/maguen-avraham.org\/index.php\/don\/"]}]},{"@type":"BreadcrumbList","@id":"https:\/\/maguen-avraham.org\/index.php\/don\/#breadcrumb","itemListElement":[{"@type":"ListItem","position":1,"name":"Accueil","item":"https:\/\/maguen-avraham.org\/"},{"@type":"ListItem","position":2,"name":"Faire un don \/ r\u00e9gler vos promesses de dons"}]},{"@type":"WebSite","@id":"https:\/\/maguen-avraham.org\/#website","url":"https:\/\/maguen-avraham.org\/","name":"Synagogue Maguen Avraham","description":"La Synagogue Maguen Avraham du Centre Culturel juif de Boulogne","publisher":{"@id":"https:\/\/maguen-avraham.org\/#organization"},"potentialAction":[{"@type":"SearchAction","target":{"@type":"EntryPoint","urlTemplate":"https:\/\/maguen-avraham.org\/?s={search_term_string}"},"query-input":{"@type":"PropertyValueSpecification","valueRequired":true,"valueName":"search_term_string"}}],"inLanguage":"fr-FR"},{"@type":"Organization","@id":"https:\/\/maguen-avraham.org\/#organization","name":"Synagogue Maguen Avraham","url":"https:\/\/maguen-avraham.org\/","logo":{"@type":"ImageObject","inLanguage":"fr-FR","@id":"https:\/\/maguen-avraham.org\/#\/schema\/logo\/image\/","url":"https:\/\/maguen-avraham.org\/wp-content\/uploads\/2023\/06\/logo-maguen-avraham.jpg","contentUrl":"https:\/\/maguen-avraham.org\/wp-content\/uploads\/2023\/06\/logo-maguen-avraham.jpg","width":843,"height":843,"caption":"Synagogue Maguen Avraham"},"image":{"@id":"https:\/\/maguen-avraham.org\/#\/schema\/logo\/image\/"},"sameAs":["https:\/\/www.facebook.com\/SynaMaguenAvaham\/","https:\/\/x.com\/maguenavraham"]}]}},"jetpack_sharing_enabled":true,"_links":{"self":[{"href":"https:\/\/maguen-avraham.org\/index.php\/wp-json\/wp\/v2\/pages\/194","targetHints":{"allow":["GET"]}}],"collection":[{"href":"https:\/\/maguen-avraham.org\/index.php\/wp-json\/wp\/v2\/pages"}],"about":[{"href":"https:\/\/maguen-avraham.org\/index.php\/wp-json\/wp\/v2\/types\/page"}],"author":[{"embeddable":true,"href":"https:\/\/maguen-avraham.org\/index.php\/wp-json\/wp\/v2\/users\/1"}],"replies":[{"embeddable":true,"href":"https:\/\/maguen-avraham.org\/index.php\/wp-json\/wp\/v2\/comments?post=194"}],"version-history":[{"count":5,"href":"https:\/\/maguen-avraham.org\/index.php\/wp-json\/wp\/v2\/pages\/194\/revisions"}],"predecessor-version":[{"id":991,"href":"https:\/\/maguen-avraham.org\/index.php\/wp-json\/wp\/v2\/pages\/194\/revisions\/991"}],"wp:attachment":[{"href":"https:\/\/maguen-avraham.org\/index.php\/wp-json\/wp\/v2\/media?parent=194"}],"curies":[{"name":"wp","href":"https:\/\/api.w.org\/{rel}","templated":true}]}}